{"id":12520,"date":"2023-01-07T15:50:02","date_gmt":"2023-01-07T18:50:02","guid":{"rendered":"https:\/\/www.alfatecdigital.com.br\/site\/?page_id=12520"},"modified":"2023-02-20T14:49:04","modified_gmt":"2023-02-20T17:49:04","slug":"alfa-clube","status":"publish","type":"page","link":"https:\/\/www.alfatecdigital.com.br\/site\/servicos\/alfa-clube\/","title":{"rendered":"Alfa Clube"},"content":{"rendered":"\t\t<div data-elementor-type=\"wp-page\" data-elementor-id=\"12520\" class=\"elementor elementor-12520\">\n\t\t\t\t\t\t\t\t\t<section class=\"elementor-section elementor-top-section elementor-element elementor-element-4937dc3 elementor-section-stretched slider-dock elementor-section-boxed elementor-section-height-default elementor-section-height-default\" data-id=\"4937dc3\" data-element_type=\"section\" data-settings=\"{&quot;stretch_section&quot;:&quot;section-stretched&quot;}\">\n\t\t\t\t\t\t<div class=\"elementor-container elementor-column-gap-default\">\n\t\t\t\t\t<div class=\"elementor-column elementor-col-100 elementor-top-column elementor-element elementor-element-3c7789e\" data-id=\"3c7789e\" data-element_type=\"column\">\n\t\t\t<div class=\"elementor-widget-wrap elementor-element-populated\">\n\t\t\t\t\t\t\t\t<div class=\"elementor-element elementor-element-2efa663 elementor-widget elementor-widget-slider_revolution\" data-id=\"2efa663\" data-element_type=\"widget\" data-widget_type=\"slider_revolution.default\">\n\t\t\t\t<div class=\"elementor-widget-container\">\n\t\t\t\n\t\t<div class=\"wp-block-themepunch-revslider\">\n\t\t\t<!-- START CLUBE REVOLUTION SLIDER 6.7.20 --><p class=\"rs-p-wp-fix\"><\/p>\n\t\t\t<rs-module-wrap id=\"rev_slider_2_1_wrapper\" data-source=\"gallery\" style=\"visibility:hidden;background:transparent;padding:0;margin:0px auto;margin-top:0;margin-bottom:0;\">\n\t\t\t\t<rs-module id=\"rev_slider_2_1\" style=\"\" data-version=\"6.7.20\">\n\t\t\t\t\t<rs-slides style=\"overflow: hidden; position: absolute;\">\n\t\t\t\t\t\t<rs-slide style=\"position: absolute;\" data-key=\"rs-2\" data-title=\"Slide\" data-anim=\"adpr:false;\" data-in=\"o:0;\" data-out=\"a:false;\">\n\t\t\t\t\t\t\t<img decoding=\"async\" src=\"\/\/www.alfatecdigital.com.br\/site\/wp-content\/plugins\/revslider\/sr6\/assets\/assets\/dummy.png\" alt=\"Slide\" title=\"Alfa Clube\" class=\"rev-slidebg tp-rs-img rs-lazyload\" data-lazyload=\"\/\/www.alfatecdigital.com.br\/site\/wp-content\/plugins\/revslider\/sr6\/assets\/assets\/transparent.png\" data-no-retina>\n<!--\n\t\t\t\t\t\t\t--><rs-layer\n\t\t\t\t\t\t\t\tid=\"slider-2-slide-2-layer-0\" \n\t\t\t\t\t\t\t\tdata-type=\"shape\"\n\t\t\t\t\t\t\t\tdata-rsp_ch=\"on\"\n\t\t\t\t\t\t\t\tdata-xy=\"x:c;y:m;\"\n\t\t\t\t\t\t\t\tdata-text=\"w:normal;s:20,20,20,4;l:0,0,0,6;\"\n\t\t\t\t\t\t\t\tdata-dim=\"w:100%;h:100%;\"\n\t\t\t\t\t\t\t\tdata-vbility=\"t,t,t,f\"\n\t\t\t\t\t\t\t\tdata-frame_999=\"o:0;st:w;\"\n\t\t\t\t\t\t\t\tstyle=\"z-index:5;background-color:rgba(0,0,0,0.5);\"\n\t\t\t\t\t\t\t><rs-bg-elem style=\"background: url('\/\/www.alfatecdigital.com.br\/wp-content\/uploads\/2023\/03\/clube-bn-desktop.jpg') no-repeat center center; background-size: cover;\"><\/rs-bg-elem>\n \n\t\t\t\t\t\t\t<\/rs-layer><!--\n\n\t\t\t\t\t\t\t--><rs-layer\n\t\t\t\t\t\t\t\tid=\"slider-2-slide-2-layer-1\" \n\t\t\t\t\t\t\t\tdata-type=\"shape\"\n\t\t\t\t\t\t\t\tdata-rsp_ch=\"on\"\n\t\t\t\t\t\t\t\tdata-xy=\"x:l,l,l,c;xo:50px,50px,50px,0;y:t,t,t,m;yo:50px,50px,50px,0;\"\n\t\t\t\t\t\t\t\tdata-text=\"w:normal;s:20,20,20,4;l:0,0,0,6;\"\n\t\t\t\t\t\t\t\tdata-dim=\"w:300px,300px,300px,100%;h:180px,180px,180px,100%;\"\n\t\t\t\t\t\t\t\tdata-vbility=\"f,f,f,t\"\n\t\t\t\t\t\t\t\tdata-frame_999=\"o:0;st:w;\"\n\t\t\t\t\t\t\t\tstyle=\"z-index:6;background-color:rgba(0,0,0,0.5);\"\n\t\t\t\t\t\t\t><rs-bg-elem style=\"background: url('\/\/www.alfatecdigital.com.br\/wp-content\/uploads\/2023\/03\/clube-banner-mobile.jpg') no-repeat center center; background-size: cover;\"><\/rs-bg-elem>\n \n\t\t\t\t\t\t\t<\/rs-layer><!--\n-->\t\t\t\t\t<\/rs-slide>\n\t\t\t\t\t<\/rs-slides>\n\t\t\t\t<\/rs-module>\n\t\t\t\t<script>\n\t\t\t\t\tsetREVStartSize({c: 'rev_slider_2_1',rl:[1240,1240,1240,500],el:[600,600,600,600],gw:[1920,1920,1920,500],gh:[600,600,600,600],type:'standard',justify:'',layout:'fullwidth',mh:\"0\"});if (window.RS_MODULES!==undefined && window.RS_MODULES.modules!==undefined && window.RS_MODULES.modules[\"revslider21\"]!==undefined) {window.RS_MODULES.modules[\"revslider21\"].once = false;window.revapi2 = undefined;if (window.RS_MODULES.checkMinimal!==undefined) window.RS_MODULES.checkMinimal()}\n\t\t\t\t<\/script>\n\t\t\t<\/rs-module-wrap>\n\t\t\t<!-- END REVOLUTION SLIDER -->\n<\/div>\n\n\t\t\t\t<\/div>\n\t\t\t\t<\/div>\n\t\t\t\t\t<\/div>\n\t\t<\/div>\n\t\t\t\t\t\t\t<\/div>\n\t\t<\/section>\n\t\t\t\t<section class=\"elementor-section elementor-top-section elementor-element elementor-element-40f10c8 elementor-section-boxed elementor-section-height-default elementor-section-height-default\" data-id=\"40f10c8\" data-element_type=\"section\">\n\t\t\t\t\t\t<div class=\"elementor-container elementor-column-gap-wide\">\n\t\t\t\t\t<div class=\"elementor-column elementor-col-50 elementor-top-column elementor-element elementor-element-b048ec0\" data-id=\"b048ec0\" data-element_type=\"column\">\n\t\t\t<div class=\"elementor-widget-wrap elementor-element-populated\">\n\t\t\t\t\t\t\t\t<div class=\"elementor-element elementor-element-075d2be elementor-widget elementor-widget-image\" data-id=\"075d2be\" data-element_type=\"widget\" data-widget_type=\"image.default\">\n\t\t\t\t<div class=\"elementor-widget-container\">\n\t\t\t<style>\/*! elementor - v3.7.5 - 14-09-2022 *\/\n.elementor-widget-image{text-align:center}.elementor-widget-image a{display:inline-block}.elementor-widget-image a img[src$=\".svg\"]{width:48px}.elementor-widget-image img{vertical-align:middle;display:inline-block}<\/style>\t\t\t\t\t\t\t\t\t\t\t\t<img loading=\"lazy\" decoding=\"async\" width=\"800\" height=\"534\" src=\"https:\/\/www.alfatecdigital.com.br\/site\/wp-content\/uploads\/2023\/01\/vantagens-2.jpg\" class=\"attachment-large size-large\" alt=\"\" srcset=\"https:\/\/www.alfatecdigital.com.br\/site\/wp-content\/uploads\/2023\/01\/vantagens-2.jpg 1024w, https:\/\/www.alfatecdigital.com.br\/site\/wp-content\/uploads\/2023\/01\/vantagens-2-300x200.jpg 300w, https:\/\/www.alfatecdigital.com.br\/site\/wp-content\/uploads\/2023\/01\/vantagens-2-768x512.jpg 768w\" sizes=\"auto, (max-width: 800px) 100vw, 800px\" \/>\t\t\t\t\t\t\t\t\t\t\t\t\t\t\t<\/div>\n\t\t\t\t<\/div>\n\t\t\t\t\t<\/div>\n\t\t<\/div>\n\t\t\t\t<div class=\"elementor-column elementor-col-50 elementor-top-column elementor-element elementor-element-b1a3d00\" data-id=\"b1a3d00\" data-element_type=\"column\">\n\t\t\t<div class=\"elementor-widget-wrap elementor-element-populated\">\n\t\t\t\t\t\t\t\t<div class=\"elementor-element elementor-element-612349a elementor-widget elementor-widget-heading\" data-id=\"612349a\" data-element_type=\"widget\" data-widget_type=\"heading.default\">\n\t\t\t\t<div class=\"elementor-widget-container\">\n\t\t\t<style>\/*! elementor - v3.7.5 - 14-09-2022 *\/\n.elementor-heading-title{padding:0;margin:0;line-height:1}.elementor-widget-heading .elementor-heading-title[class*=elementor-size-]>a{color:inherit;font-size:inherit;line-height:inherit}.elementor-widget-heading .elementor-heading-title.elementor-size-small{font-size:15px}.elementor-widget-heading .elementor-heading-title.elementor-size-medium{font-size:19px}.elementor-widget-heading .elementor-heading-title.elementor-size-large{font-size:29px}.elementor-widget-heading .elementor-heading-title.elementor-size-xl{font-size:39px}.elementor-widget-heading .elementor-heading-title.elementor-size-xxl{font-size:59px}<\/style><h2 class=\"elementor-heading-title elementor-size-default\">SEMPRE MAIS VANTAGENS<\/h2>\t\t<\/div>\n\t\t\t\t<\/div>\n\t\t\t\t<div class=\"elementor-element elementor-element-52bb430 elementor-widget elementor-widget-text-editor\" data-id=\"52bb430\" data-element_type=\"widget\" data-widget_type=\"text-editor.default\">\n\t\t\t\t<div class=\"elementor-widget-container\">\n\t\t\t<style>\/*! elementor - v3.7.5 - 14-09-2022 *\/\n.elementor-widget-text-editor.elementor-drop-cap-view-stacked .elementor-drop-cap{background-color:#818a91;color:#fff}.elementor-widget-text-editor.elementor-drop-cap-view-framed .elementor-drop-cap{color:#818a91;border:3px solid;background-color:transparent}.elementor-widget-text-editor:not(.elementor-drop-cap-view-default) .elementor-drop-cap{margin-top:8px}.elementor-widget-text-editor:not(.elementor-drop-cap-view-default) .elementor-drop-cap-letter{width:1em;height:1em}.elementor-widget-text-editor .elementor-drop-cap{float:left;text-align:center;line-height:1;font-size:50px}.elementor-widget-text-editor .elementor-drop-cap-letter{display:inline-block}<\/style>\t\t\t\t<p>Fa\u00e7a parte do <strong>Alfa Clube<\/strong> e tenha descontos em produtos e servi\u00e7o dos mais de 500 parceiros da nossa rede.<\/p><p>O <strong>Alfa Clube<\/strong> \u00e9 um cart\u00e3o exclusivo de benef\u00edcios que ainda proporciona facilidade na contrata\u00e7\u00e3o de seguros, descontos em planos odontol\u00f3gicos, aux\u00edlio funeral e diversas outras vantagens.<\/p><p>Fique por dentro de todas as parcerias, atualizadas no App do Clube. Busque por descontos benef\u00edcios pr\u00f3ximos a voc\u00ea.<\/p>\t\t\t\t\t\t<\/div>\n\t\t\t\t<\/div>\n\t\t\t\t\t<\/div>\n\t\t<\/div>\n\t\t\t\t\t\t\t<\/div>\n\t\t<\/section>\n\t\t\t\t<section class=\"elementor-section elementor-top-section elementor-element elementor-element-9ccd976 reversed elementor-section-boxed elementor-section-height-default elementor-section-height-default\" data-id=\"9ccd976\" data-element_type=\"section\">\n\t\t\t\t\t\t<div class=\"elementor-container elementor-column-gap-wide\">\n\t\t\t\t\t<div class=\"elementor-column elementor-col-50 elementor-top-column elementor-element elementor-element-7946007\" data-id=\"7946007\" data-element_type=\"column\">\n\t\t\t<div class=\"elementor-widget-wrap elementor-element-populated\">\n\t\t\t\t\t\t\t\t<div class=\"elementor-element elementor-element-d6cbea6 elementor-widget elementor-widget-heading\" data-id=\"d6cbea6\" data-element_type=\"widget\" data-widget_type=\"heading.default\">\n\t\t\t\t<div class=\"elementor-widget-container\">\n\t\t\t<h2 class=\"elementor-heading-title elementor-size-default\">SUA EMPRESA NO CLUBE<\/h2>\t\t<\/div>\n\t\t\t\t<\/div>\n\t\t\t\t<div class=\"elementor-element elementor-element-cb92d54 elementor-widget elementor-widget-text-editor\" data-id=\"cb92d54\" data-element_type=\"widget\" data-widget_type=\"text-editor.default\">\n\t\t\t\t<div class=\"elementor-widget-container\">\n\t\t\t\t\t\t\t<p>Cadastre seu estabelecimento na rede e conte com nossa parceria para ampliar o marketing da sua empresa.<\/p><p>Ofere\u00e7a o <strong>Alfa Clube<\/strong> aos seus clientes e participe da nossa plataforma de benef\u00edcios.<\/p><p>Oferte descontos exclusivos aos associados do clube e potencialize sua carteira de clientes. Pe\u00e7a uma proposta para nossa equipe comercial e conhe\u00e7a as vantagens do <strong>Alfa Clube<\/strong> para seu neg\u00f3cio.<\/p>\t\t\t\t\t\t<\/div>\n\t\t\t\t<\/div>\n\t\t\t\t\t<\/div>\n\t\t<\/div>\n\t\t\t\t<div class=\"elementor-column elementor-col-50 elementor-top-column elementor-element elementor-element-62fbb1f\" data-id=\"62fbb1f\" data-element_type=\"column\">\n\t\t\t<div class=\"elementor-widget-wrap elementor-element-populated\">\n\t\t\t\t\t\t\t\t<div class=\"elementor-element elementor-element-f357b2b elementor-widget elementor-widget-image\" data-id=\"f357b2b\" data-element_type=\"widget\" data-widget_type=\"image.default\">\n\t\t\t\t<div class=\"elementor-widget-container\">\n\t\t\t\t\t\t\t\t\t\t\t\t\t\t\t<img loading=\"lazy\" decoding=\"async\" width=\"800\" height=\"534\" src=\"https:\/\/www.alfatecdigital.com.br\/site\/wp-content\/uploads\/2023\/01\/vantagens-1.jpg\" class=\"attachment-large size-large\" alt=\"\" srcset=\"https:\/\/www.alfatecdigital.com.br\/site\/wp-content\/uploads\/2023\/01\/vantagens-1.jpg 1024w, https:\/\/www.alfatecdigital.com.br\/site\/wp-content\/uploads\/2023\/01\/vantagens-1-300x200.jpg 300w, https:\/\/www.alfatecdigital.com.br\/site\/wp-content\/uploads\/2023\/01\/vantagens-1-768x512.jpg 768w\" sizes=\"auto, (max-width: 800px) 100vw, 800px\" \/>\t\t\t\t\t\t\t\t\t\t\t\t\t\t\t<\/div>\n\t\t\t\t<\/div>\n\t\t\t\t\t<\/div>\n\t\t<\/div>\n\t\t\t\t\t\t\t<\/div>\n\t\t<\/section>\n\t\t\t\t<section class=\"elementor-section elementor-top-section elementor-element elementor-element-2310abd elementor-section-boxed elementor-section-height-default elementor-section-height-default\" data-id=\"2310abd\" data-element_type=\"section\">\n\t\t\t\t\t\t<div class=\"elementor-container elementor-column-gap-wide\">\n\t\t\t\t\t<div class=\"elementor-column elementor-col-100 elementor-top-column elementor-element elementor-element-6d2b65d\" data-id=\"6d2b65d\" data-element_type=\"column\">\n\t\t\t<div class=\"elementor-widget-wrap elementor-element-populated\">\n\t\t\t\t\t\t\t\t<div class=\"elementor-element elementor-element-bce027e elementor-widget elementor-widget-heading\" data-id=\"bce027e\" data-element_type=\"widget\" data-widget_type=\"heading.default\">\n\t\t\t\t<div class=\"elementor-widget-container\">\n\t\t\t<h2 class=\"elementor-heading-title elementor-size-default\">FA\u00c7A PARTE!<\/h2>\t\t<\/div>\n\t\t\t\t<\/div>\n\t\t\t\t<div class=\"elementor-element elementor-element-a928faf elementor-widget elementor-widget-image\" data-id=\"a928faf\" data-element_type=\"widget\" data-widget_type=\"image.default\">\n\t\t\t\t<div class=\"elementor-widget-container\">\n\t\t\t\t\t\t\t\t\t\t\t\t\t\t\t<img decoding=\"async\" src=\"https:\/\/www.alfatecdigital.com.br\/site\/wp-content\/uploads\/elementor\/thumbs\/call-center-service-qzk6v4j99lbaw19io8eo32bx3zutxsjgom0llqhwao.png\" title=\"call-center-service\" alt=\"call-center-service\" \/>\t\t\t\t\t\t\t\t\t\t\t\t\t\t\t<\/div>\n\t\t\t\t<\/div>\n\t\t\t\t<div class=\"elementor-element elementor-element-6c4d60f solicite elementor-widget elementor-widget-text-editor\" data-id=\"6c4d60f\" data-element_type=\"widget\" data-widget_type=\"text-editor.default\">\n\t\t\t\t<div class=\"elementor-widget-container\">\n\t\t\t\t\t\t\t<h5>Solicite um contato da nossa equipe comercial e pe\u00e7a sua ADES\u00c3O.<\/h5>\t\t\t\t\t\t<\/div>\n\t\t\t\t<\/div>\n\t\t\t\t\t<\/div>\n\t\t<\/div>\n\t\t\t\t\t\t\t<\/div>\n\t\t<\/section>\n\t\t\t\t\t\t\t<\/div>\n\t\t","protected":false},"excerpt":{"rendered":"<p>SEMPRE MAIS VANTAGENS Fa\u00e7a parte do Alfa Clube e tenha descontos em produtos e servi\u00e7o dos mais de 500 parceiros da nossa rede. O Alfa Clube \u00e9 um cart\u00e3o exclusivo de benef\u00edcios que ainda proporciona facilidade na contrata\u00e7\u00e3o de seguros, descontos em planos odontol\u00f3gicos, aux\u00edlio funeral e diversas outras vantagens. Fique por dentro de todas as parcerias, atualizadas no App do Clube. Busque por descontos benef\u00edcios pr\u00f3ximos a voc\u00ea. SUA EMPRESA NO CLUBE Cadastre seu estabelecimento na rede e conte com nossa parceria para ampliar o marketing da sua empresa. Ofere\u00e7a o Alfa Clube aos seus clientes e participe da nossa plataforma de benef\u00edcios. Oferte descontos exclusivos aos associados do clube e potencialize sua carteira de clientes. Pe\u00e7a uma proposta para nossa equipe comercial e conhe\u00e7a as vantagens do Alfa Clube para seu neg\u00f3cio. FA\u00c7A PARTE! Solicite um contato da nossa equipe comercial e pe\u00e7a sua ADES\u00c3O.<\/p>\n","protected":false},"author":1,"featured_media":0,"parent":12559,"menu_order":0,"comment_status":"closed","ping_status":"closed","template":"","meta":{"footnotes":""},"class_list":["post-12520","page","type-page","status-publish"],"yoast_head":"<!-- This site is optimized with the Yoast SEO plugin v27.3 - https:\/\/yoast.com\/product\/yoast-seo-wordpress\/ -->\n<title>Alfa Clube - ALFATEC DIGITAL<\/title>\n<meta name=\"robots\" content=\"index, follow, max-snippet:-1, max-image-preview:large, max-video-preview:-1\" \/>\n<link rel=\"canonical\" href=\"https:\/\/www.alfatecdigital.com.br\/site\/servicos\/alfa-clube\/\" \/>\n<meta property=\"og:locale\" content=\"pt_BR\" \/>\n<meta property=\"og:type\" content=\"article\" \/>\n<meta property=\"og:title\" content=\"Alfa Clube - ALFATEC DIGITAL\" \/>\n<meta property=\"og:description\" content=\"SEMPRE MAIS VANTAGENS Fa\u00e7a parte do Alfa Clube e tenha descontos em produtos e servi\u00e7o dos mais de 500 parceiros da nossa rede. O Alfa Clube \u00e9 um cart\u00e3o exclusivo de benef\u00edcios que ainda proporciona facilidade na contrata\u00e7\u00e3o de seguros, descontos em planos odontol\u00f3gicos, aux\u00edlio funeral e diversas outras vantagens. Fique por dentro de todas as parcerias, atualizadas no App do Clube. Busque por descontos benef\u00edcios pr\u00f3ximos a voc\u00ea. SUA EMPRESA NO CLUBE Cadastre seu estabelecimento na rede e conte com nossa parceria para ampliar o marketing da sua empresa. Ofere\u00e7a o Alfa Clube aos seus clientes e participe da nossa plataforma de benef\u00edcios. Oferte descontos exclusivos aos associados do clube e potencialize sua carteira de clientes. Pe\u00e7a uma proposta para nossa equipe comercial e conhe\u00e7a as vantagens do Alfa Clube para seu neg\u00f3cio. FA\u00c7A PARTE! Solicite um contato da nossa equipe comercial e pe\u00e7a sua ADES\u00c3O.\" \/>\n<meta property=\"og:url\" content=\"https:\/\/www.alfatecdigital.com.br\/site\/servicos\/alfa-clube\/\" \/>\n<meta property=\"og:site_name\" content=\"ALFATEC DIGITAL\" \/>\n<meta property=\"article:modified_time\" content=\"2023-02-20T17:49:04+00:00\" \/>\n<meta property=\"og:image\" content=\"https:\/\/www.alfatecdigital.com.br\/site\/wp-content\/uploads\/2023\/01\/vantagens-2.jpg\" \/>\n<meta name=\"twitter:card\" content=\"summary_large_image\" \/>\n<meta name=\"twitter:label1\" content=\"Est. tempo de leitura\" \/>\n\t<meta name=\"twitter:data1\" content=\"2 minutos\" \/>\n<script type=\"application\/ld+json\" class=\"yoast-schema-graph\">{\"@context\":\"https:\\\/\\\/schema.org\",\"@graph\":[{\"@type\":\"WebPage\",\"@id\":\"https:\\\/\\\/www.alfatecdigital.com.br\\\/site\\\/servicos\\\/alfa-clube\\\/\",\"url\":\"https:\\\/\\\/www.alfatecdigital.com.br\\\/site\\\/servicos\\\/alfa-clube\\\/\",\"name\":\"Alfa Clube - ALFATEC DIGITAL\",\"isPartOf\":{\"@id\":\"https:\\\/\\\/www.alfatecdigital.com.br\\\/site\\\/#website\"},\"primaryImageOfPage\":{\"@id\":\"https:\\\/\\\/www.alfatecdigital.com.br\\\/site\\\/servicos\\\/alfa-clube\\\/#primaryimage\"},\"image\":{\"@id\":\"https:\\\/\\\/www.alfatecdigital.com.br\\\/site\\\/servicos\\\/alfa-clube\\\/#primaryimage\"},\"thumbnailUrl\":\"https:\\\/\\\/www.alfatecdigital.com.br\\\/site\\\/wp-content\\\/uploads\\\/2023\\\/01\\\/vantagens-2.jpg\",\"datePublished\":\"2023-01-07T18:50:02+00:00\",\"dateModified\":\"2023-02-20T17:49:04+00:00\",\"breadcrumb\":{\"@id\":\"https:\\\/\\\/www.alfatecdigital.com.br\\\/site\\\/servicos\\\/alfa-clube\\\/#breadcrumb\"},\"inLanguage\":\"pt-BR\",\"potentialAction\":[{\"@type\":\"ReadAction\",\"target\":[\"https:\\\/\\\/www.alfatecdigital.com.br\\\/site\\\/servicos\\\/alfa-clube\\\/\"]}]},{\"@type\":\"ImageObject\",\"inLanguage\":\"pt-BR\",\"@id\":\"https:\\\/\\\/www.alfatecdigital.com.br\\\/site\\\/servicos\\\/alfa-clube\\\/#primaryimage\",\"url\":\"https:\\\/\\\/www.alfatecdigital.com.br\\\/site\\\/wp-content\\\/uploads\\\/2023\\\/01\\\/vantagens-2.jpg\",\"contentUrl\":\"https:\\\/\\\/www.alfatecdigital.com.br\\\/site\\\/wp-content\\\/uploads\\\/2023\\\/01\\\/vantagens-2.jpg\",\"width\":1024,\"height\":683},{\"@type\":\"BreadcrumbList\",\"@id\":\"https:\\\/\\\/www.alfatecdigital.com.br\\\/site\\\/servicos\\\/alfa-clube\\\/#breadcrumb\",\"itemListElement\":[{\"@type\":\"ListItem\",\"position\":1,\"name\":\"In\u00edcio\",\"item\":\"https:\\\/\\\/www.alfatecdigital.com.br\\\/site\\\/\"},{\"@type\":\"ListItem\",\"position\":2,\"name\":\"Servi\u00e7os\",\"item\":\"https:\\\/\\\/www.alfatecdigital.com.br\\\/site\\\/servicos\\\/\"},{\"@type\":\"ListItem\",\"position\":3,\"name\":\"Alfa Clube\"}]},{\"@type\":\"WebSite\",\"@id\":\"https:\\\/\\\/www.alfatecdigital.com.br\\\/site\\\/#website\",\"url\":\"https:\\\/\\\/www.alfatecdigital.com.br\\\/site\\\/\",\"name\":\"ALFATEC DIGITAL\",\"description\":\"Solu\u00e7\u00f5es digitais sob medida\",\"potentialAction\":[{\"@type\":\"SearchAction\",\"target\":{\"@type\":\"EntryPoint\",\"urlTemplate\":\"https:\\\/\\\/www.alfatecdigital.com.br\\\/site\\\/?s={search_term_string}\"},\"query-input\":{\"@type\":\"PropertyValueSpecification\",\"valueRequired\":true,\"valueName\":\"search_term_string\"}}],\"inLanguage\":\"pt-BR\"}]}<\/script>\n<!-- \/ Yoast SEO plugin. -->","yoast_head_json":{"title":"Alfa Clube - ALFATEC DIGITAL","robots":{"index":"index","follow":"follow","max-snippet":"max-snippet:-1","max-image-preview":"max-image-preview:large","max-video-preview":"max-video-preview:-1"},"canonical":"https:\/\/www.alfatecdigital.com.br\/site\/servicos\/alfa-clube\/","og_locale":"pt_BR","og_type":"article","og_title":"Alfa Clube - ALFATEC DIGITAL","og_description":"SEMPRE MAIS VANTAGENS Fa\u00e7a parte do Alfa Clube e tenha descontos em produtos e servi\u00e7o dos mais de 500 parceiros da nossa rede. O Alfa Clube \u00e9 um cart\u00e3o exclusivo de benef\u00edcios que ainda proporciona facilidade na contrata\u00e7\u00e3o de seguros, descontos em planos odontol\u00f3gicos, aux\u00edlio funeral e diversas outras vantagens. Fique por dentro de todas as parcerias, atualizadas no App do Clube. Busque por descontos benef\u00edcios pr\u00f3ximos a voc\u00ea. SUA EMPRESA NO CLUBE Cadastre seu estabelecimento na rede e conte com nossa parceria para ampliar o marketing da sua empresa. Ofere\u00e7a o Alfa Clube aos seus clientes e participe da nossa plataforma de benef\u00edcios. Oferte descontos exclusivos aos associados do clube e potencialize sua carteira de clientes. Pe\u00e7a uma proposta para nossa equipe comercial e conhe\u00e7a as vantagens do Alfa Clube para seu neg\u00f3cio. FA\u00c7A PARTE! Solicite um contato da nossa equipe comercial e pe\u00e7a sua ADES\u00c3O.","og_url":"https:\/\/www.alfatecdigital.com.br\/site\/servicos\/alfa-clube\/","og_site_name":"ALFATEC DIGITAL","article_modified_time":"2023-02-20T17:49:04+00:00","og_image":[{"url":"https:\/\/www.alfatecdigital.com.br\/site\/wp-content\/uploads\/2023\/01\/vantagens-2.jpg","type":"","width":"","height":""}],"twitter_card":"summary_large_image","twitter_misc":{"Est. tempo de leitura":"2 minutos"},"schema":{"@context":"https:\/\/schema.org","@graph":[{"@type":"WebPage","@id":"https:\/\/www.alfatecdigital.com.br\/site\/servicos\/alfa-clube\/","url":"https:\/\/www.alfatecdigital.com.br\/site\/servicos\/alfa-clube\/","name":"Alfa Clube - ALFATEC DIGITAL","isPartOf":{"@id":"https:\/\/www.alfatecdigital.com.br\/site\/#website"},"primaryImageOfPage":{"@id":"https:\/\/www.alfatecdigital.com.br\/site\/servicos\/alfa-clube\/#primaryimage"},"image":{"@id":"https:\/\/www.alfatecdigital.com.br\/site\/servicos\/alfa-clube\/#primaryimage"},"thumbnailUrl":"https:\/\/www.alfatecdigital.com.br\/site\/wp-content\/uploads\/2023\/01\/vantagens-2.jpg","datePublished":"2023-01-07T18:50:02+00:00","dateModified":"2023-02-20T17:49:04+00:00","breadcrumb":{"@id":"https:\/\/www.alfatecdigital.com.br\/site\/servicos\/alfa-clube\/#breadcrumb"},"inLanguage":"pt-BR","potentialAction":[{"@type":"ReadAction","target":["https:\/\/www.alfatecdigital.com.br\/site\/servicos\/alfa-clube\/"]}]},{"@type":"ImageObject","inLanguage":"pt-BR","@id":"https:\/\/www.alfatecdigital.com.br\/site\/servicos\/alfa-clube\/#primaryimage","url":"https:\/\/www.alfatecdigital.com.br\/site\/wp-content\/uploads\/2023\/01\/vantagens-2.jpg","contentUrl":"https:\/\/www.alfatecdigital.com.br\/site\/wp-content\/uploads\/2023\/01\/vantagens-2.jpg","width":1024,"height":683},{"@type":"BreadcrumbList","@id":"https:\/\/www.alfatecdigital.com.br\/site\/servicos\/alfa-clube\/#breadcrumb","itemListElement":[{"@type":"ListItem","position":1,"name":"In\u00edcio","item":"https:\/\/www.alfatecdigital.com.br\/site\/"},{"@type":"ListItem","position":2,"name":"Servi\u00e7os","item":"https:\/\/www.alfatecdigital.com.br\/site\/servicos\/"},{"@type":"ListItem","position":3,"name":"Alfa Clube"}]},{"@type":"WebSite","@id":"https:\/\/www.alfatecdigital.com.br\/site\/#website","url":"https:\/\/www.alfatecdigital.com.br\/site\/","name":"ALFATEC DIGITAL","description":"Solu\u00e7\u00f5es digitais sob medida","potentialAction":[{"@type":"SearchAction","target":{"@type":"EntryPoint","urlTemplate":"https:\/\/www.alfatecdigital.com.br\/site\/?s={search_term_string}"},"query-input":{"@type":"PropertyValueSpecification","valueRequired":true,"valueName":"search_term_string"}}],"inLanguage":"pt-BR"}]}},"_links":{"self":[{"href":"https:\/\/www.alfatecdigital.com.br\/site\/wp-json\/wp\/v2\/pages\/12520","targetHints":{"allow":["GET"]}}],"collection":[{"href":"https:\/\/www.alfatecdigital.com.br\/site\/wp-json\/wp\/v2\/pages"}],"about":[{"href":"https:\/\/www.alfatecdigital.com.br\/site\/wp-json\/wp\/v2\/types\/page"}],"author":[{"embeddable":true,"href":"https:\/\/www.alfatecdigital.com.br\/site\/wp-json\/wp\/v2\/users\/1"}],"replies":[{"embeddable":true,"href":"https:\/\/www.alfatecdigital.com.br\/site\/wp-json\/wp\/v2\/comments?post=12520"}],"version-history":[{"count":0,"href":"https:\/\/www.alfatecdigital.com.br\/site\/wp-json\/wp\/v2\/pages\/12520\/revisions"}],"up":[{"embeddable":true,"href":"https:\/\/www.alfatecdigital.com.br\/site\/wp-json\/wp\/v2\/pages\/12559"}],"wp:attachment":[{"href":"https:\/\/www.alfatecdigital.com.br\/site\/wp-json\/wp\/v2\/media?parent=12520"}],"curies":[{"name":"wp","href":"https:\/\/api.w.org\/{rel}","templated":true}]}}