{"id":12557,"date":"2023-01-07T20:55:17","date_gmt":"2023-01-07T23:55:17","guid":{"rendered":"https:\/\/www.alfatecdigital.com.br\/site\/?page_id=12557"},"modified":"2024-02-07T11:36:35","modified_gmt":"2024-02-07T14:36:35","slug":"solucoes-digitais","status":"publish","type":"page","link":"https:\/\/www.alfatecdigital.com.br\/site\/solucoes-digitais\/","title":{"rendered":"Solu\u00e7\u00f5es Digitais"},"content":{"rendered":"\t\t<div data-elementor-type=\"wp-page\" data-elementor-id=\"12557\" class=\"elementor elementor-12557\">\n\t\t\t\t\t\t\t\t\t<section class=\"elementor-section elementor-top-section elementor-element elementor-element-55b7790 elementor-section-boxed elementor-section-height-default elementor-section-height-default\" data-id=\"55b7790\" data-element_type=\"section\">\n\t\t\t\t\t\t<div class=\"elementor-container elementor-column-gap-wider\">\n\t\t\t\t\t<div class=\"elementor-column elementor-col-50 elementor-top-column elementor-element elementor-element-6bbb12d\" data-id=\"6bbb12d\" data-element_type=\"column\">\n\t\t\t<div class=\"elementor-widget-wrap elementor-element-populated\">\n\t\t\t\t\t\t\t\t<div class=\"elementor-element elementor-element-bf3c6ea img-link-w elementor-widget elementor-widget-image\" data-id=\"bf3c6ea\" data-element_type=\"widget\" data-widget_type=\"image.default\">\n\t\t\t\t<div class=\"elementor-widget-container\">\n\t\t\t<style>\/*! elementor - v3.7.5 - 14-09-2022 *\/\n.elementor-widget-image{text-align:center}.elementor-widget-image a{display:inline-block}.elementor-widget-image a img[src$=\".svg\"]{width:48px}.elementor-widget-image img{vertical-align:middle;display:inline-block}<\/style>\t\t\t\t\t\t\t\t\t\t\t\t\t<a href=\"https:\/\/www.alfatecdigital.com.br\/solucoes-digitais\/pabx-na-nuvem-page\/\" target=\"_blank\">\n\t\t\t\t\t\t\t<img loading=\"lazy\" decoding=\"async\" width=\"640\" height=\"400\" src=\"https:\/\/www.alfatecdigital.com.br\/site\/wp-content\/uploads\/2023\/02\/pabx-nuvem.jpg\" class=\"attachment-large size-large\" alt=\"\" srcset=\"https:\/\/www.alfatecdigital.com.br\/site\/wp-content\/uploads\/2023\/02\/pabx-nuvem.jpg 640w, https:\/\/www.alfatecdigital.com.br\/site\/wp-content\/uploads\/2023\/02\/pabx-nuvem-300x188.jpg 300w\" sizes=\"auto, (max-width: 640px) 100vw, 640px\" \/>\t\t\t\t\t\t\t\t<\/a>\n\t\t\t\t\t\t\t\t\t\t\t\t\t\t\t<\/div>\n\t\t\t\t<\/div>\n\t\t\t\t<div class=\"elementor-element elementor-element-494021c elementor-widget elementor-widget-heading\" data-id=\"494021c\" data-element_type=\"widget\" data-widget_type=\"heading.default\">\n\t\t\t\t<div class=\"elementor-widget-container\">\n\t\t\t<style>\/*! elementor - v3.7.5 - 14-09-2022 *\/\n.elementor-heading-title{padding:0;margin:0;line-height:1}.elementor-widget-heading .elementor-heading-title[class*=elementor-size-]>a{color:inherit;font-size:inherit;line-height:inherit}.elementor-widget-heading .elementor-heading-title.elementor-size-small{font-size:15px}.elementor-widget-heading .elementor-heading-title.elementor-size-medium{font-size:19px}.elementor-widget-heading .elementor-heading-title.elementor-size-large{font-size:29px}.elementor-widget-heading .elementor-heading-title.elementor-size-xl{font-size:39px}.elementor-widget-heading .elementor-heading-title.elementor-size-xxl{font-size:59px}<\/style><h2 class=\"elementor-heading-title elementor-size-default\"><a href=\"https:\/\/www.alfatecdigital.com.br\/solucoes-digitais\/pabx-na-nuvem-page\/\" target=\"_blank\">PABX NA NUVEM<\/a><\/h2>\t\t<\/div>\n\t\t\t\t<\/div>\n\t\t\t\t\t<\/div>\n\t\t<\/div>\n\t\t\t\t<div class=\"elementor-column elementor-col-50 elementor-top-column elementor-element elementor-element-508d42d\" data-id=\"508d42d\" data-element_type=\"column\">\n\t\t\t<div class=\"elementor-widget-wrap elementor-element-populated\">\n\t\t\t\t\t\t\t\t<div class=\"elementor-element elementor-element-965a3ae img-link-w elementor-widget elementor-widget-image\" data-id=\"965a3ae\" data-element_type=\"widget\" data-widget_type=\"image.default\">\n\t\t\t\t<div class=\"elementor-widget-container\">\n\t\t\t\t\t\t\t\t\t\t\t\t\t\t\t\t<a href=\"https:\/\/www.alfatecdigital.com.br\/solucoes-digitais\/pabx-digital\/\">\n\t\t\t\t\t\t\t<img loading=\"lazy\" decoding=\"async\" width=\"640\" height=\"400\" src=\"https:\/\/www.alfatecdigital.com.br\/site\/wp-content\/uploads\/2024\/02\/pabx-digital-menu.jpg\" class=\"attachment-large size-large\" alt=\"\" srcset=\"https:\/\/www.alfatecdigital.com.br\/site\/wp-content\/uploads\/2024\/02\/pabx-digital-menu.jpg 640w, https:\/\/www.alfatecdigital.com.br\/site\/wp-content\/uploads\/2024\/02\/pabx-digital-menu-300x188.jpg 300w\" sizes=\"auto, (max-width: 640px) 100vw, 640px\" \/>\t\t\t\t\t\t\t\t<\/a>\n\t\t\t\t\t\t\t\t\t\t\t\t\t\t\t<\/div>\n\t\t\t\t<\/div>\n\t\t\t\t<div class=\"elementor-element elementor-element-c4ed701 elementor-widget elementor-widget-heading\" data-id=\"c4ed701\" data-element_type=\"widget\" data-widget_type=\"heading.default\">\n\t\t\t\t<div class=\"elementor-widget-container\">\n\t\t\t<h2 class=\"elementor-heading-title elementor-size-default\"><a href=\"https:\/\/www.alfatecdigital.com.br\/solucoes-digitais\/pabx-digital\/\">PABX DIGITAL<\/a><\/h2>\t\t<\/div>\n\t\t\t\t<\/div>\n\t\t\t\t\t<\/div>\n\t\t<\/div>\n\t\t\t\t\t\t\t<\/div>\n\t\t<\/section>\n\t\t\t\t<section class=\"elementor-section elementor-top-section elementor-element elementor-element-07cac19 elementor-section-boxed elementor-section-height-default elementor-section-height-default\" data-id=\"07cac19\" data-element_type=\"section\">\n\t\t\t\t\t\t<div class=\"elementor-container elementor-column-gap-wider\">\n\t\t\t\t\t<div class=\"elementor-column elementor-col-50 elementor-top-column elementor-element elementor-element-d247a8e\" data-id=\"d247a8e\" data-element_type=\"column\">\n\t\t\t<div class=\"elementor-widget-wrap elementor-element-populated\">\n\t\t\t\t\t\t\t\t<div class=\"elementor-element elementor-element-abb1218 img-link-w elementor-widget elementor-widget-image\" data-id=\"abb1218\" data-element_type=\"widget\" data-widget_type=\"image.default\">\n\t\t\t\t<div class=\"elementor-widget-container\">\n\t\t\t\t\t\t\t\t\t\t\t\t\t\t\t\t<a href=\"https:\/\/www.alfatecdigital.com.br\/solucoes-digitais\/internet\/\">\n\t\t\t\t\t\t\t<img loading=\"lazy\" decoding=\"async\" width=\"640\" height=\"400\" src=\"https:\/\/www.alfatecdigital.com.br\/site\/wp-content\/uploads\/2023\/02\/internet-conectividade.jpg\" class=\"attachment-large size-large\" alt=\"\" srcset=\"https:\/\/www.alfatecdigital.com.br\/site\/wp-content\/uploads\/2023\/02\/internet-conectividade.jpg 640w, https:\/\/www.alfatecdigital.com.br\/site\/wp-content\/uploads\/2023\/02\/internet-conectividade-300x188.jpg 300w\" sizes=\"auto, (max-width: 640px) 100vw, 640px\" \/>\t\t\t\t\t\t\t\t<\/a>\n\t\t\t\t\t\t\t\t\t\t\t\t\t\t\t<\/div>\n\t\t\t\t<\/div>\n\t\t\t\t<div class=\"elementor-element elementor-element-22359ab elementor-widget elementor-widget-heading\" data-id=\"22359ab\" data-element_type=\"widget\" data-widget_type=\"heading.default\">\n\t\t\t\t<div class=\"elementor-widget-container\">\n\t\t\t<h2 class=\"elementor-heading-title elementor-size-default\"><a href=\"https:\/\/www.alfatecdigital.com.br\/solucoes-digitais\/internet\/\">INTERNET<\/a><\/h2>\t\t<\/div>\n\t\t\t\t<\/div>\n\t\t\t\t\t<\/div>\n\t\t<\/div>\n\t\t\t\t<div class=\"elementor-column elementor-col-50 elementor-top-column elementor-element elementor-element-1138ebf\" data-id=\"1138ebf\" data-element_type=\"column\">\n\t\t\t<div class=\"elementor-widget-wrap elementor-element-populated\">\n\t\t\t\t\t\t\t\t<div class=\"elementor-element elementor-element-b20ad7d img-link-w elementor-widget elementor-widget-image\" data-id=\"b20ad7d\" data-element_type=\"widget\" data-widget_type=\"image.default\">\n\t\t\t\t<div class=\"elementor-widget-container\">\n\t\t\t\t\t\t\t\t\t\t\t\t\t\t\t\t<a href=\"https:\/\/www.alfatecdigital.com.br\/solucoes-digitais\/datacenter\/\">\n\t\t\t\t\t\t\t<img loading=\"lazy\" decoding=\"async\" width=\"640\" height=\"400\" src=\"https:\/\/www.alfatecdigital.com.br\/site\/wp-content\/uploads\/2024\/02\/datacenter-menu.jpg\" class=\"attachment-large size-large\" alt=\"\" srcset=\"https:\/\/www.alfatecdigital.com.br\/site\/wp-content\/uploads\/2024\/02\/datacenter-menu.jpg 640w, https:\/\/www.alfatecdigital.com.br\/site\/wp-content\/uploads\/2024\/02\/datacenter-menu-300x188.jpg 300w\" sizes=\"auto, (max-width: 640px) 100vw, 640px\" \/>\t\t\t\t\t\t\t\t<\/a>\n\t\t\t\t\t\t\t\t\t\t\t\t\t\t\t<\/div>\n\t\t\t\t<\/div>\n\t\t\t\t<div class=\"elementor-element elementor-element-e1fb5bf wp-popup elementor-widget elementor-widget-heading\" data-id=\"e1fb5bf\" data-element_type=\"widget\" data-widget_type=\"heading.default\">\n\t\t\t\t<div class=\"elementor-widget-container\">\n\t\t\t<h2 class=\"elementor-heading-title elementor-size-default\"><a href=\"https:\/\/www.alfatecdigital.com.br\/solucoes-digitais\/datacenter\/\" target=\"_blank\">DATACENTER<\/a><\/h2>\t\t<\/div>\n\t\t\t\t<\/div>\n\t\t\t\t\t<\/div>\n\t\t<\/div>\n\t\t\t\t\t\t\t<\/div>\n\t\t<\/section>\n\t\t\t\t<section class=\"elementor-section elementor-top-section elementor-element elementor-element-cfe4603 elementor-section-boxed elementor-section-height-default elementor-section-height-default\" data-id=\"cfe4603\" data-element_type=\"section\">\n\t\t\t\t\t\t<div class=\"elementor-container elementor-column-gap-wider\">\n\t\t\t\t\t<div class=\"elementor-column elementor-col-50 elementor-top-column elementor-element elementor-element-d28d498\" data-id=\"d28d498\" data-element_type=\"column\">\n\t\t\t<div class=\"elementor-widget-wrap elementor-element-populated\">\n\t\t\t\t\t\t\t\t<div class=\"elementor-element elementor-element-a7ff90d img-link-w elementor-widget elementor-widget-image\" data-id=\"a7ff90d\" data-element_type=\"widget\" data-widget_type=\"image.default\">\n\t\t\t\t<div class=\"elementor-widget-container\">\n\t\t\t\t\t\t\t\t\t\t\t\t\t\t\t\t<a href=\"https:\/\/www.alfatecdigital.com.br\/servicos\/condominio-inteligente\/\">\n\t\t\t\t\t\t\t<img loading=\"lazy\" decoding=\"async\" width=\"640\" height=\"400\" src=\"https:\/\/www.alfatecdigital.com.br\/site\/wp-content\/uploads\/2024\/02\/condominio-menu.jpg\" class=\"attachment-large size-large\" alt=\"\" srcset=\"https:\/\/www.alfatecdigital.com.br\/site\/wp-content\/uploads\/2024\/02\/condominio-menu.jpg 640w, https:\/\/www.alfatecdigital.com.br\/site\/wp-content\/uploads\/2024\/02\/condominio-menu-300x188.jpg 300w\" sizes=\"auto, (max-width: 640px) 100vw, 640px\" \/>\t\t\t\t\t\t\t\t<\/a>\n\t\t\t\t\t\t\t\t\t\t\t\t\t\t\t<\/div>\n\t\t\t\t<\/div>\n\t\t\t\t<div class=\"elementor-element elementor-element-0d72f8f wp-popup elementor-widget elementor-widget-heading\" data-id=\"0d72f8f\" data-element_type=\"widget\" data-widget_type=\"heading.default\">\n\t\t\t\t<div class=\"elementor-widget-container\">\n\t\t\t<h2 class=\"elementor-heading-title elementor-size-default\"><a href=\"https:\/\/www.alfatecdigital.com.br\/servicos\/condominio-inteligente\/\" target=\"_blank\">CONDOM\u00cdNIO<BR \/>INTELIGENTE<\/a><\/h2>\t\t<\/div>\n\t\t\t\t<\/div>\n\t\t\t\t\t<\/div>\n\t\t<\/div>\n\t\t\t\t<div class=\"elementor-column elementor-col-50 elementor-top-column elementor-element elementor-element-b3dc1e8\" data-id=\"b3dc1e8\" data-element_type=\"column\">\n\t\t\t<div class=\"elementor-widget-wrap elementor-element-populated\">\n\t\t\t\t\t\t\t\t<div class=\"elementor-element elementor-element-d4f11d5 img-link-w elementor-widget elementor-widget-image\" data-id=\"d4f11d5\" data-element_type=\"widget\" data-widget_type=\"image.default\">\n\t\t\t\t<div class=\"elementor-widget-container\">\n\t\t\t\t\t\t\t\t\t\t\t\t\t\t\t\t<a href=\"https:\/\/www.alfatecdigital.com.br\/solucoes-digitais\/alfa-web-radio\/\">\n\t\t\t\t\t\t\t<img loading=\"lazy\" decoding=\"async\" width=\"640\" height=\"400\" src=\"https:\/\/www.alfatecdigital.com.br\/site\/wp-content\/uploads\/2023\/02\/web-radio.jpg\" class=\"attachment-large size-large\" alt=\"\" srcset=\"https:\/\/www.alfatecdigital.com.br\/site\/wp-content\/uploads\/2023\/02\/web-radio.jpg 640w, https:\/\/www.alfatecdigital.com.br\/site\/wp-content\/uploads\/2023\/02\/web-radio-300x188.jpg 300w\" sizes=\"auto, (max-width: 640px) 100vw, 640px\" \/>\t\t\t\t\t\t\t\t<\/a>\n\t\t\t\t\t\t\t\t\t\t\t\t\t\t\t<\/div>\n\t\t\t\t<\/div>\n\t\t\t\t<div class=\"elementor-element elementor-element-1ed3fac elementor-widget elementor-widget-heading\" data-id=\"1ed3fac\" data-element_type=\"widget\" data-widget_type=\"heading.default\">\n\t\t\t\t<div class=\"elementor-widget-container\">\n\t\t\t<h2 class=\"elementor-heading-title elementor-size-default\"><a href=\"https:\/\/www.alfatecdigital.com.br\/solucoes-digitais\/alfa-web-radio\/\">WEB R\u00c1DIO<\/a><\/h2>\t\t<\/div>\n\t\t\t\t<\/div>\n\t\t\t\t\t<\/div>\n\t\t<\/div>\n\t\t\t\t\t\t\t<\/div>\n\t\t<\/section>\n\t\t\t\t\t\t\t<\/div>\n\t\t","protected":false},"excerpt":{"rendered":"<p>PABX NA NUVEM PABX DIGITAL INTERNET DATACENTER CONDOM\u00cdNIOINTELIGENTE WEB R\u00c1DIO<\/p>\n","protected":false},"author":1,"featured_media":0,"parent":0,"menu_order":0,"comment_status":"closed","ping_status":"closed","template":"","meta":{"footnotes":""},"class_list":["post-12557","page","type-page","status-publish"],"yoast_head":"<!-- This site is optimized with the Yoast SEO plugin v27.3 - https:\/\/yoast.com\/product\/yoast-seo-wordpress\/ -->\n<title>Solu\u00e7\u00f5es Digitais - ALFATEC DIGITAL<\/title>\n<meta name=\"robots\" content=\"index, follow, max-snippet:-1, max-image-preview:large, max-video-preview:-1\" \/>\n<link rel=\"canonical\" href=\"https:\/\/www.alfatecdigital.com.br\/site\/solucoes-digitais\/\" \/>\n<meta property=\"og:locale\" content=\"pt_BR\" \/>\n<meta property=\"og:type\" content=\"article\" \/>\n<meta property=\"og:title\" content=\"Solu\u00e7\u00f5es Digitais - ALFATEC DIGITAL\" \/>\n<meta property=\"og:description\" content=\"PABX NA NUVEM PABX DIGITAL INTERNET DATACENTER CONDOM\u00cdNIOINTELIGENTE WEB R\u00c1DIO\" \/>\n<meta property=\"og:url\" content=\"https:\/\/www.alfatecdigital.com.br\/site\/solucoes-digitais\/\" \/>\n<meta property=\"og:site_name\" content=\"ALFATEC DIGITAL\" \/>\n<meta property=\"article:modified_time\" content=\"2024-02-07T14:36:35+00:00\" \/>\n<meta property=\"og:image\" content=\"https:\/\/www.alfatecdigital.com.br\/site\/wp-content\/uploads\/2023\/02\/pabx-nuvem.jpg\" \/>\n<meta name=\"twitter:card\" content=\"summary_large_image\" \/>\n<meta name=\"twitter:label1\" content=\"Est. tempo de leitura\" \/>\n\t<meta name=\"twitter:data1\" content=\"2 minutos\" \/>\n<script type=\"application\/ld+json\" class=\"yoast-schema-graph\">{\"@context\":\"https:\\\/\\\/schema.org\",\"@graph\":[{\"@type\":\"WebPage\",\"@id\":\"https:\\\/\\\/www.alfatecdigital.com.br\\\/site\\\/solucoes-digitais\\\/\",\"url\":\"https:\\\/\\\/www.alfatecdigital.com.br\\\/site\\\/solucoes-digitais\\\/\",\"name\":\"Solu\u00e7\u00f5es Digitais - ALFATEC DIGITAL\",\"isPartOf\":{\"@id\":\"https:\\\/\\\/www.alfatecdigital.com.br\\\/site\\\/#website\"},\"primaryImageOfPage\":{\"@id\":\"https:\\\/\\\/www.alfatecdigital.com.br\\\/site\\\/solucoes-digitais\\\/#primaryimage\"},\"image\":{\"@id\":\"https:\\\/\\\/www.alfatecdigital.com.br\\\/site\\\/solucoes-digitais\\\/#primaryimage\"},\"thumbnailUrl\":\"https:\\\/\\\/www.alfatecdigital.com.br\\\/site\\\/wp-content\\\/uploads\\\/2023\\\/02\\\/pabx-nuvem.jpg\",\"datePublished\":\"2023-01-07T23:55:17+00:00\",\"dateModified\":\"2024-02-07T14:36:35+00:00\",\"breadcrumb\":{\"@id\":\"https:\\\/\\\/www.alfatecdigital.com.br\\\/site\\\/solucoes-digitais\\\/#breadcrumb\"},\"inLanguage\":\"pt-BR\",\"potentialAction\":[{\"@type\":\"ReadAction\",\"target\":[\"https:\\\/\\\/www.alfatecdigital.com.br\\\/site\\\/solucoes-digitais\\\/\"]}]},{\"@type\":\"ImageObject\",\"inLanguage\":\"pt-BR\",\"@id\":\"https:\\\/\\\/www.alfatecdigital.com.br\\\/site\\\/solucoes-digitais\\\/#primaryimage\",\"url\":\"https:\\\/\\\/www.alfatecdigital.com.br\\\/site\\\/wp-content\\\/uploads\\\/2023\\\/02\\\/pabx-nuvem.jpg\",\"contentUrl\":\"https:\\\/\\\/www.alfatecdigital.com.br\\\/site\\\/wp-content\\\/uploads\\\/2023\\\/02\\\/pabx-nuvem.jpg\",\"width\":640,\"height\":400},{\"@type\":\"BreadcrumbList\",\"@id\":\"https:\\\/\\\/www.alfatecdigital.com.br\\\/site\\\/solucoes-digitais\\\/#breadcrumb\",\"itemListElement\":[{\"@type\":\"ListItem\",\"position\":1,\"name\":\"In\u00edcio\",\"item\":\"https:\\\/\\\/www.alfatecdigital.com.br\\\/site\\\/\"},{\"@type\":\"ListItem\",\"position\":2,\"name\":\"Solu\u00e7\u00f5es Digitais\"}]},{\"@type\":\"WebSite\",\"@id\":\"https:\\\/\\\/www.alfatecdigital.com.br\\\/site\\\/#website\",\"url\":\"https:\\\/\\\/www.alfatecdigital.com.br\\\/site\\\/\",\"name\":\"ALFATEC DIGITAL\",\"description\":\"Solu\u00e7\u00f5es digitais sob medida\",\"potentialAction\":[{\"@type\":\"SearchAction\",\"target\":{\"@type\":\"EntryPoint\",\"urlTemplate\":\"https:\\\/\\\/www.alfatecdigital.com.br\\\/site\\\/?s={search_term_string}\"},\"query-input\":{\"@type\":\"PropertyValueSpecification\",\"valueRequired\":true,\"valueName\":\"search_term_string\"}}],\"inLanguage\":\"pt-BR\"}]}<\/script>\n<!-- \/ Yoast SEO plugin. -->","yoast_head_json":{"title":"Solu\u00e7\u00f5es Digitais - ALFATEC DIGITAL","robots":{"index":"index","follow":"follow","max-snippet":"max-snippet:-1","max-image-preview":"max-image-preview:large","max-video-preview":"max-video-preview:-1"},"canonical":"https:\/\/www.alfatecdigital.com.br\/site\/solucoes-digitais\/","og_locale":"pt_BR","og_type":"article","og_title":"Solu\u00e7\u00f5es Digitais - ALFATEC DIGITAL","og_description":"PABX NA NUVEM PABX DIGITAL INTERNET DATACENTER CONDOM\u00cdNIOINTELIGENTE WEB R\u00c1DIO","og_url":"https:\/\/www.alfatecdigital.com.br\/site\/solucoes-digitais\/","og_site_name":"ALFATEC DIGITAL","article_modified_time":"2024-02-07T14:36:35+00:00","og_image":[{"url":"https:\/\/www.alfatecdigital.com.br\/site\/wp-content\/uploads\/2023\/02\/pabx-nuvem.jpg","type":"","width":"","height":""}],"twitter_card":"summary_large_image","twitter_misc":{"Est. tempo de leitura":"2 minutos"},"schema":{"@context":"https:\/\/schema.org","@graph":[{"@type":"WebPage","@id":"https:\/\/www.alfatecdigital.com.br\/site\/solucoes-digitais\/","url":"https:\/\/www.alfatecdigital.com.br\/site\/solucoes-digitais\/","name":"Solu\u00e7\u00f5es Digitais - ALFATEC DIGITAL","isPartOf":{"@id":"https:\/\/www.alfatecdigital.com.br\/site\/#website"},"primaryImageOfPage":{"@id":"https:\/\/www.alfatecdigital.com.br\/site\/solucoes-digitais\/#primaryimage"},"image":{"@id":"https:\/\/www.alfatecdigital.com.br\/site\/solucoes-digitais\/#primaryimage"},"thumbnailUrl":"https:\/\/www.alfatecdigital.com.br\/site\/wp-content\/uploads\/2023\/02\/pabx-nuvem.jpg","datePublished":"2023-01-07T23:55:17+00:00","dateModified":"2024-02-07T14:36:35+00:00","breadcrumb":{"@id":"https:\/\/www.alfatecdigital.com.br\/site\/solucoes-digitais\/#breadcrumb"},"inLanguage":"pt-BR","potentialAction":[{"@type":"ReadAction","target":["https:\/\/www.alfatecdigital.com.br\/site\/solucoes-digitais\/"]}]},{"@type":"ImageObject","inLanguage":"pt-BR","@id":"https:\/\/www.alfatecdigital.com.br\/site\/solucoes-digitais\/#primaryimage","url":"https:\/\/www.alfatecdigital.com.br\/site\/wp-content\/uploads\/2023\/02\/pabx-nuvem.jpg","contentUrl":"https:\/\/www.alfatecdigital.com.br\/site\/wp-content\/uploads\/2023\/02\/pabx-nuvem.jpg","width":640,"height":400},{"@type":"BreadcrumbList","@id":"https:\/\/www.alfatecdigital.com.br\/site\/solucoes-digitais\/#breadcrumb","itemListElement":[{"@type":"ListItem","position":1,"name":"In\u00edcio","item":"https:\/\/www.alfatecdigital.com.br\/site\/"},{"@type":"ListItem","position":2,"name":"Solu\u00e7\u00f5es Digitais"}]},{"@type":"WebSite","@id":"https:\/\/www.alfatecdigital.com.br\/site\/#website","url":"https:\/\/www.alfatecdigital.com.br\/site\/","name":"ALFATEC DIGITAL","description":"Solu\u00e7\u00f5es digitais sob medida","potentialAction":[{"@type":"SearchAction","target":{"@type":"EntryPoint","urlTemplate":"https:\/\/www.alfatecdigital.com.br\/site\/?s={search_term_string}"},"query-input":{"@type":"PropertyValueSpecification","valueRequired":true,"valueName":"search_term_string"}}],"inLanguage":"pt-BR"}]}},"_links":{"self":[{"href":"https:\/\/www.alfatecdigital.com.br\/site\/wp-json\/wp\/v2\/pages\/12557","targetHints":{"allow":["GET"]}}],"collection":[{"href":"https:\/\/www.alfatecdigital.com.br\/site\/wp-json\/wp\/v2\/pages"}],"about":[{"href":"https:\/\/www.alfatecdigital.com.br\/site\/wp-json\/wp\/v2\/types\/page"}],"author":[{"embeddable":true,"href":"https:\/\/www.alfatecdigital.com.br\/site\/wp-json\/wp\/v2\/users\/1"}],"replies":[{"embeddable":true,"href":"https:\/\/www.alfatecdigital.com.br\/site\/wp-json\/wp\/v2\/comments?post=12557"}],"version-history":[{"count":0,"href":"https:\/\/www.alfatecdigital.com.br\/site\/wp-json\/wp\/v2\/pages\/12557\/revisions"}],"wp:attachment":[{"href":"https:\/\/www.alfatecdigital.com.br\/site\/wp-json\/wp\/v2\/media?parent=12557"}],"curies":[{"name":"wp","href":"https:\/\/api.w.org\/{rel}","templated":true}]}}